{"id":415,"date":"2024-03-07T10:48:42","date_gmt":"2024-03-07T10:48:42","guid":{"rendered":"https:\/\/labrasserie.es\/?page_id=415"},"modified":"2026-05-13T09:44:18","modified_gmt":"2026-05-13T09:44:18","slug":"pescados","status":"publish","type":"page","link":"https:\/\/labrasserie.es\/es\/pescados\/","title":{"rendered":"Pescados"},"content":{"rendered":"<section class=\"l-section wpb_row us_custom_de67d1db height_medium width_full\"><div class=\"l-section-h i-cf\"><div class=\"g-cols vc_row via_grid cols_1 laptops-cols_inherit tablets-cols_inherit mobiles-cols_1 valign_top type_default stacking_default\"><div class=\"wpb_column vc_column_container\"><div class=\"vc_column-inner\">[vc_custom_heading text=\u00bbMEN\u00da\u00bb font_container=\u00bbtag:div|text_align:left\u00bb use_theme_fonts=\u00bbyes\u00bb css=\u00bb%7B%22default%22%3A%7B%22text-align%22%3A%22center%22%2C%22font-size%22%3A%220.8rem%22%2C%22text-transform%22%3A%22uppercase%22%2C%22animation-name%22%3A%22fade%22%2C%22animation-delay%22%3A%220.5s%22%7D%7D\u00bb][vc_custom_heading text=\u00bbPescados\u00bb font_container=\u00bbtag:h2|text_align:center\u00bb use_theme_fonts=\u00bbyes\u00bb css=\u00bb%7B%22default%22%3A%7B%22color%22%3A%22%23333333%22%2C%22text-transform%22%3A%22uppercase%22%2C%22animation-name%22%3A%22fade%22%2C%22animation-delay%22%3A%220.5s%22%7D%7D\u00bb]<div class=\"w-image us_custom_f1a4f275 us_animate_this align_center\"><div class=\"w-image-h\"><img loading=\"lazy\" decoding=\"async\" width=\"116\" height=\"5\" src=\"https:\/\/labrasserie.es\/wp-content\/uploads\/2022\/12\/separador.png\" class=\"attachment-full size-full\" alt=\"separador\" \/><\/div><\/div><\/div><\/div><\/div><\/div><\/section><section class=\"l-section wpb_row us_custom_f1a4f275 us_animate_this height_auto\"><div class=\"l-section-h i-cf\"><div class=\"g-cols vc_row via_grid cols_1 laptops-cols_inherit tablets-cols_inherit mobiles-cols_1 valign_top type_default stacking_default\"><div class=\"wpb_column vc_column_container\"><div class=\"vc_column-inner\"><div class=\"wpb_text_column us_custom_4edec70e has_text_color\"><div class=\"wpb_wrapper\"><p><strong>Nuestros pescados son frescos de la isla o importados. Todos nuestros pescados se sirven con su guarnici\u00f3n.<\/strong><\/p>\n<\/div><\/div><div class=\"w-separator size_medium\"><\/div><div class=\"w-tabs style_default switch_click accordion has_scrolling\" style=\"--sections-title-size:inherit\"><div class=\"w-tabs-sections titles-align_none icon_chevron cpos_right\"><div class=\"w-tabs-section active\" id=\"c4d7\"><button class=\"w-tabs-section-header active with_icon\" aria-controls=\"content-c4d7\" aria-expanded=\"true\"><i class=\"fas fa-fish-cooked\"><\/i><div class=\"w-tabs-section-title\">PESCADOS<\/div><div class=\"w-tabs-section-control\"><\/div><\/button><div  class=\"w-tabs-section-content\" id=\"content-c4d7\"><div class=\"w-tabs-section-content-h i-cf\"><div class=\"g-cols wpb_row via_grid cols_2 laptops-cols_inherit tablets-cols_inherit mobiles-cols_1 valign_top type_default stacking_default\"><div class=\"wpb_column vc_column_container\"><div class=\"vc_column-inner\"><div class=\"w-vwrapper align_none valign_top\"><div class=\"wpb_text_column\"><div class=\"wpb_wrapper\"><h4>86- Fish &amp; chips<\/h4>\n<p>Bacalao en tempura, servido con mayonesa o alioli.<\/p>\n<\/div><\/div><div class=\"w-separator size_medium\"><\/div><\/div><\/div><\/div><div class=\"wpb_column vc_column_container\"><div class=\"vc_column-inner\"><div class=\"w-vwrapper align_none valign_top\"><div class=\"wpb_text_column\"><div class=\"wpb_wrapper\"><h4>87- Filete de Lubina salvaje<\/h4>\n<\/div><\/div><div class=\"w-separator size_medium\"><\/div><\/div><\/div><\/div><\/div><div class=\"g-cols wpb_row via_grid cols_2 laptops-cols_inherit tablets-cols_inherit mobiles-cols_1 valign_top type_default stacking_default\"><div class=\"wpb_column vc_column_container\"><div class=\"vc_column-inner\"><div class=\"w-vwrapper align_none valign_top\"><div class=\"wpb_text_column\"><div class=\"wpb_wrapper\"><h4>88- Salm\u00f3n al Grill<\/h4>\n<\/div><\/div><div class=\"w-separator size_medium\"><\/div><\/div><\/div><\/div><div class=\"wpb_column vc_column_container\"><div class=\"vc_column-inner\"><div class=\"w-vwrapper align_none valign_top\"><div class=\"wpb_text_column\"><div class=\"wpb_wrapper\"><h4>89- Salm\u00f3n Bearnesa<\/h4>\n<\/div><\/div><div class=\"w-separator size_medium\"><\/div><\/div><\/div><\/div><\/div><div class=\"g-cols wpb_row via_grid cols_2 laptops-cols_inherit tablets-cols_inherit mobiles-cols_1 valign_top type_default stacking_default\"><div class=\"wpb_column vc_column_container\"><div class=\"vc_column-inner\"><div class=\"w-vwrapper align_none valign_top\"><div class=\"wpb_text_column\"><div class=\"wpb_wrapper\"><h4>90- Calamares a la romana<\/h4>\n<p>Con papas arrugadas y nuestra salsa alioli para mojar.<\/p>\n<\/div><\/div><div class=\"w-separator size_medium\"><\/div><\/div><\/div><\/div><div class=\"wpb_column vc_column_container\"><div class=\"vc_column-inner\"><div class=\"w-vwrapper align_none valign_top\"><div class=\"wpb_text_column\"><div class=\"wpb_wrapper\"><h4>91- Langostinos salvajes a la plancha<\/h4>\n<p>Con papas arrugadas, ensalada y salsa rosa.<\/p>\n<\/div><\/div><div class=\"w-separator size_medium\"><\/div><\/div><\/div><\/div><\/div><\/div><\/div><\/div><\/div><\/div><\/div><\/div><\/div><\/div><\/section><section class=\"l-section wpb_row us_custom_f1a4f275 us_animate_this height_medium\"><div class=\"l-section-h i-cf\"><div class=\"g-cols vc_row via_grid cols_1 laptops-cols_inherit tablets-cols_inherit mobiles-cols_1 valign_top type_default stacking_default\"><div class=\"wpb_column vc_column_container\"><div class=\"vc_column-inner\"><div class=\"w-btn-wrapper align_none\"><a class=\"w-btn us-btn-style_1\" href=\"\/es\/menu\/\"><span class=\"w-btn-label\">Volver al men\u00fa<\/span><\/a><\/div><\/div><\/div><\/div><\/div><\/section>\n","protected":false},"excerpt":{"rendered":"[vc_custom_heading text=\"MEN\u00da\" font_container=\"tag:div|text_align:left\" use_theme_fonts=\"yes\" css=\"%7B%22default%22%3A%7B%22text-align%22%3A%22center%22%2C%22font-size%22%3A%220.8rem%22%2C%22text-transform%22%3A%22uppercase%22%2C%22animation-name%22%3A%22fade%22%2C%22animation-delay%22%3A%220.5s%22%7D%7D\"][vc_custom_heading text=\"Pescados\" font_container=\"tag:h2|text_align:center\" use_theme_fonts=\"yes\" css=\"%7B%22default%22%3A%7B%22color%22%3A%22%23333333%22%2C%22text-transform%22%3A%22uppercase%22%2C%22animation-name%22%3A%22fade%22%2C%22animation-delay%22%3A%220.5s%22%7D%7D\"]Nuestros pescados son frescos de la isla o importados. Todos nuestros pescados se sirven con su guarnici\u00f3n. PESCADOS86- Fish &amp; chips Bacalao en tempura, servido con mayonesa o alioli. 87- Filete de Lubina salvaje 88- Salm\u00f3n al Grill 89- Salm\u00f3n Bearnesa 90- Calamares a la romana Con...","protected":false},"author":1,"featured_media":0,"parent":0,"menu_order":0,"comment_status":"closed","ping_status":"closed","template":"","meta":{"footnotes":""},"class_list":["post-415","page","type-page","status-publish","hentry"],"yoast_head":"<!-- This site is optimized with the Yoast SEO Premium plugin v22.4 (Yoast SEO v26.2) - https:\/\/yoast.com\/wordpress\/plugins\/seo\/ -->\n<title>Pescados - La Brasserie<\/title>\n<meta name=\"robots\" content=\"index, follow, max-snippet:-1, max-image-preview:large, max-video-preview:-1\" \/>\n<link rel=\"canonical\" href=\"https:\/\/labrasserie.es\/es\/pescados\/\" \/>\n<meta property=\"og:locale\" content=\"es_ES\" \/>\n<meta property=\"og:type\" content=\"article\" \/>\n<meta property=\"og:title\" content=\"Pescados\" \/>\n<meta property=\"og:url\" content=\"https:\/\/labrasserie.es\/es\/pescados\/\" \/>\n<meta property=\"og:site_name\" content=\"La Brasserie\" \/>\n<meta property=\"article:modified_time\" content=\"2026-05-13T09:44:18+00:00\" \/>\n<meta name=\"twitter:card\" content=\"summary_large_image\" \/>\n<meta name=\"twitter:label1\" content=\"Tiempo de lectura\" \/>\n\t<meta name=\"twitter:data1\" content=\"1 minuto\" \/>\n<script type=\"application\/ld+json\" class=\"yoast-schema-graph\">{\"@context\":\"https:\/\/schema.org\",\"@graph\":[{\"@type\":\"WebPage\",\"@id\":\"https:\/\/labrasserie.es\/es\/pescados\/\",\"url\":\"https:\/\/labrasserie.es\/es\/pescados\/\",\"name\":\"Pescados - La Brasserie\",\"isPartOf\":{\"@id\":\"https:\/\/labrasserie.es\/#website\"},\"datePublished\":\"2024-03-07T10:48:42+00:00\",\"dateModified\":\"2026-05-13T09:44:18+00:00\",\"breadcrumb\":{\"@id\":\"https:\/\/labrasserie.es\/es\/pescados\/#breadcrumb\"},\"inLanguage\":\"es\",\"potentialAction\":[{\"@type\":\"ReadAction\",\"target\":[\"https:\/\/labrasserie.es\/es\/pescados\/\"]}]},{\"@type\":\"BreadcrumbList\",\"@id\":\"https:\/\/labrasserie.es\/es\/pescados\/#breadcrumb\",\"itemListElement\":[{\"@type\":\"ListItem\",\"position\":1,\"name\":\"Portada\",\"item\":\"https:\/\/labrasserie.es\/es\/\"},{\"@type\":\"ListItem\",\"position\":2,\"name\":\"Pescados\"}]},{\"@type\":\"WebSite\",\"@id\":\"https:\/\/labrasserie.es\/#website\",\"url\":\"https:\/\/labrasserie.es\/\",\"name\":\"La Brasserie\",\"description\":\"Restaurante italiano en Adeje\",\"publisher\":{\"@id\":\"https:\/\/labrasserie.es\/#organization\"},\"potentialAction\":[{\"@type\":\"SearchAction\",\"target\":{\"@type\":\"EntryPoint\",\"urlTemplate\":\"https:\/\/labrasserie.es\/?s={search_term_string}\"},\"query-input\":{\"@type\":\"PropertyValueSpecification\",\"valueRequired\":true,\"valueName\":\"search_term_string\"}}],\"inLanguage\":\"es\"},{\"@type\":[\"Organization\",\"Place\"],\"@id\":\"https:\/\/labrasserie.es\/#organization\",\"name\":\"La Brasserie\",\"url\":\"https:\/\/labrasserie.es\/\",\"logo\":{\"@id\":\"https:\/\/labrasserie.es\/es\/pescados\/#local-main-organization-logo\"},\"image\":{\"@id\":\"https:\/\/labrasserie.es\/es\/pescados\/#local-main-organization-logo\"},\"address\":{\"@id\":\"https:\/\/labrasserie.es\/es\/pescados\/#local-main-place-address\"},\"geo\":{\"@type\":\"GeoCoordinates\",\"latitude\":\"28.084939299457616\",\"longitude\":\"-16.735988369667357\"},\"telephone\":[],\"contactPoint\":{\"@type\":\"ContactPoint\",\"telephone\":\"922718024\",\"email\":\"info@labrasserie.es\"},\"openingHoursSpecification\":[{\"@type\":\"OpeningHoursSpecification\",\"dayOfWeek\":[\"Monday\",\"Tuesday\",\"Wednesday\",\"Thursday\",\"Friday\",\"Saturday\",\"Sunday\"],\"opens\":\"13:00\",\"closes\":\"23:00\"}],\"areaServed\":\"Tenerife\"},{\"@type\":\"PostalAddress\",\"@id\":\"https:\/\/labrasserie.es\/es\/pescados\/#local-main-place-address\",\"streetAddress\":\"CC. Litoral, C. Londres, Loc. 204, 38660 Playa, Santa Cruz de Tenerife\",\"addressLocality\":\"Costa Adeje\",\"postalCode\":\"38660\",\"addressCountry\":\"ES\"},{\"@type\":\"ImageObject\",\"inLanguage\":\"es\",\"@id\":\"https:\/\/labrasserie.es\/es\/pescados\/#local-main-organization-logo\",\"url\":\"https:\/\/labrasserie.es\/wp-content\/uploads\/2023\/05\/brasserie.png\",\"contentUrl\":\"https:\/\/labrasserie.es\/wp-content\/uploads\/2023\/05\/brasserie.png\",\"width\":350,\"height\":350,\"caption\":\"La Brasserie\"}]}<\/script>\n<meta name=\"geo.placename\" content=\"Costa Adeje\" \/>\n<meta name=\"geo.position\" content=\"28.084939299457616;-16.735988369667357\" \/>\n<meta name=\"geo.region\" content=\"Espa\u00f1a\" \/>\n<!-- \/ Yoast SEO Premium plugin. -->","yoast_head_json":{"title":"Pescados - La Brasserie","robots":{"index":"index","follow":"follow","max-snippet":"max-snippet:-1","max-image-preview":"max-image-preview:large","max-video-preview":"max-video-preview:-1"},"canonical":"https:\/\/labrasserie.es\/es\/pescados\/","og_locale":"es_ES","og_type":"article","og_title":"Pescados","og_url":"https:\/\/labrasserie.es\/es\/pescados\/","og_site_name":"La Brasserie","article_modified_time":"2026-05-13T09:44:18+00:00","twitter_card":"summary_large_image","twitter_misc":{"Tiempo de lectura":"1 minuto"},"schema":{"@context":"https:\/\/schema.org","@graph":[{"@type":"WebPage","@id":"https:\/\/labrasserie.es\/es\/pescados\/","url":"https:\/\/labrasserie.es\/es\/pescados\/","name":"Pescados - La Brasserie","isPartOf":{"@id":"https:\/\/labrasserie.es\/#website"},"datePublished":"2024-03-07T10:48:42+00:00","dateModified":"2026-05-13T09:44:18+00:00","breadcrumb":{"@id":"https:\/\/labrasserie.es\/es\/pescados\/#breadcrumb"},"inLanguage":"es","potentialAction":[{"@type":"ReadAction","target":["https:\/\/labrasserie.es\/es\/pescados\/"]}]},{"@type":"BreadcrumbList","@id":"https:\/\/labrasserie.es\/es\/pescados\/#breadcrumb","itemListElement":[{"@type":"ListItem","position":1,"name":"Portada","item":"https:\/\/labrasserie.es\/es\/"},{"@type":"ListItem","position":2,"name":"Pescados"}]},{"@type":"WebSite","@id":"https:\/\/labrasserie.es\/#website","url":"https:\/\/labrasserie.es\/","name":"La Brasserie","description":"Restaurante italiano en Adeje","publisher":{"@id":"https:\/\/labrasserie.es\/#organization"},"potentialAction":[{"@type":"SearchAction","target":{"@type":"EntryPoint","urlTemplate":"https:\/\/labrasserie.es\/?s={search_term_string}"},"query-input":{"@type":"PropertyValueSpecification","valueRequired":true,"valueName":"search_term_string"}}],"inLanguage":"es"},{"@type":["Organization","Place"],"@id":"https:\/\/labrasserie.es\/#organization","name":"La Brasserie","url":"https:\/\/labrasserie.es\/","logo":{"@id":"https:\/\/labrasserie.es\/es\/pescados\/#local-main-organization-logo"},"image":{"@id":"https:\/\/labrasserie.es\/es\/pescados\/#local-main-organization-logo"},"address":{"@id":"https:\/\/labrasserie.es\/es\/pescados\/#local-main-place-address"},"geo":{"@type":"GeoCoordinates","latitude":"28.084939299457616","longitude":"-16.735988369667357"},"telephone":[],"contactPoint":{"@type":"ContactPoint","telephone":"922718024","email":"info@labrasserie.es"},"openingHoursSpecification":[{"@type":"OpeningHoursSpecification","dayOfWeek":["Monday","Tuesday","Wednesday","Thursday","Friday","Saturday","Sunday"],"opens":"13:00","closes":"23:00"}],"areaServed":"Tenerife"},{"@type":"PostalAddress","@id":"https:\/\/labrasserie.es\/es\/pescados\/#local-main-place-address","streetAddress":"CC. Litoral, C. Londres, Loc. 204, 38660 Playa, Santa Cruz de Tenerife","addressLocality":"Costa Adeje","postalCode":"38660","addressCountry":"ES"},{"@type":"ImageObject","inLanguage":"es","@id":"https:\/\/labrasserie.es\/es\/pescados\/#local-main-organization-logo","url":"https:\/\/labrasserie.es\/wp-content\/uploads\/2023\/05\/brasserie.png","contentUrl":"https:\/\/labrasserie.es\/wp-content\/uploads\/2023\/05\/brasserie.png","width":350,"height":350,"caption":"La Brasserie"}]},"geo.placename":"Costa Adeje","geo.position":{"lat":"28.084939299457616","long":"-16.735988369667357"},"geo.region":"Espa\u00f1a"},"_links":{"self":[{"href":"https:\/\/labrasserie.es\/es\/wp-json\/wp\/v2\/pages\/415","targetHints":{"allow":["GET"]}}],"collection":[{"href":"https:\/\/labrasserie.es\/es\/wp-json\/wp\/v2\/pages"}],"about":[{"href":"https:\/\/labrasserie.es\/es\/wp-json\/wp\/v2\/types\/page"}],"author":[{"embeddable":true,"href":"https:\/\/labrasserie.es\/es\/wp-json\/wp\/v2\/users\/1"}],"replies":[{"embeddable":true,"href":"https:\/\/labrasserie.es\/es\/wp-json\/wp\/v2\/comments?post=415"}],"version-history":[{"count":6,"href":"https:\/\/labrasserie.es\/es\/wp-json\/wp\/v2\/pages\/415\/revisions"}],"predecessor-version":[{"id":675,"href":"https:\/\/labrasserie.es\/es\/wp-json\/wp\/v2\/pages\/415\/revisions\/675"}],"wp:attachment":[{"href":"https:\/\/labrasserie.es\/es\/wp-json\/wp\/v2\/media?parent=415"}],"curies":[{"name":"wp","href":"https:\/\/api.w.org\/{rel}","templated":true}]}}